{"id":37241,"date":"2025-04-02T20:39:57","date_gmt":"2025-04-02T20:39:57","guid":{"rendered":"https:\/\/mpponiente.com\/?page_id=37241"},"modified":"2025-07-31T23:10:11","modified_gmt":"2025-07-31T23:10:11","slug":"contacto","status":"publish","type":"page","link":"https:\/\/mpponiente.com\/index.php\/contacto\/","title":{"rendered":"Contacto"},"content":{"rendered":"<p>[et_pb_section fb_built=\u00bb1&#8243; custom_padding_last_edited=\u00bbon|phone\u00bb _builder_version=\u00bb4.27.4&#8243; background_color=\u00bbrgba(0,0,0,0)\u00bb use_background_color_gradient=\u00bbon\u00bb background_color_gradient_direction=\u00bb1deg\u00bb background_color_gradient_stops=\u00bbrgba(33,44,145,0.66) 0%|rgba(255,255,255,0.08) 100%\u00bb background_color_gradient_overlays_image=\u00bbon\u00bb background_color_gradient_start=\u00bb#212c91&#8243; background_color_gradient_end=\u00bbrgba(12,16,40,0.2)\u00bb background_image=\u00bbhttps:\/\/mpponiente.com\/wp-content\/uploads\/2025\/04\/contacto-enc.png\u00bb parallax=\u00bbon\u00bb background_blend=\u00bbdarken\u00bb z_index=\u00bb0&#8243; custom_margin=\u00bb-5.5%||||false|false\u00bb custom_padding=\u00bb12%||12%||false|false\u00bb custom_padding_tablet=\u00bb\u00bb custom_padding_phone=\u00bb99px||70px||false|false\u00bb bottom_divider_height=\u00bb150px\u00bb border_radii=\u00bboff||||\u00bb locked=\u00bboff\u00bb global_colors_info=\u00bb{}\u00bb][et_pb_row _builder_version=\u00bb4.27.4&#8243; background_size=\u00bbinitial\u00bb background_position=\u00bbtop_left\u00bb background_repeat=\u00bbrepeat\u00bb custom_padding=\u00bb7%||||false|false\u00bb global_colors_info=\u00bb{}\u00bb][et_pb_column type=\u00bb4_4&#8243; _builder_version=\u00bb4.16&#8243; custom_padding=\u00bb|||\u00bb global_colors_info=\u00bb{}\u00bb custom_padding__hover=\u00bb|||\u00bb][dipi_dual_heading first_heading=\u00bbContacto\u00bb use_background_text=\u00bbon\u00bb background_text=\u00bbHablemos hoy\u00bb fh_padding=\u00bb0px||0px||false|false\u00bb fh_margin=\u00bb0px|0px|0px||false|false\u00bb bt_position_vertical=\u00bb-34%\u00bb bt_style=\u00bbstroke\u00bb bt_stroke_color=\u00bb#ffd323&#8243; bt_stroke_fill=\u00bbRGBA(255,255,255,0)\u00bb bt_position_vertical_tablet=\u00bb6%\u00bb bt_position_vertical_phone=\u00bb-31%\u00bb bt_position_vertical_last_edited=\u00bbon|phone\u00bb _builder_version=\u00bb4.27.4&#8243; _module_preset=\u00bbdefault\u00bb first_heading_font=\u00bbPoppins|700|||||||\u00bb first_heading_text_align=\u00bbcenter\u00bb first_heading_text_color=\u00bb#FFFFFF\u00bb first_heading_font_size=\u00bb55px\u00bb first_heading_letter_spacing=\u00bb0.5px\u00bb first_heading_line_height=\u00bb1em\u00bb background_text_font=\u00bbPoppins|700|||||||\u00bb background_text_text_align=\u00bbcenter\u00bb background_text_text_color=\u00bb#ffd323&#8243; custom_margin=\u00bb||-2%||false|false\u00bb custom_margin_tablet=\u00bb||-2%||false|false\u00bb custom_margin_phone=\u00bb19%||0%||false|false\u00bb custom_margin_last_edited=\u00bbon|phone\u00bb custom_padding=\u00bb||||false|false\u00bb animation_style=\u00bbslide\u00bb animation_direction=\u00bbbottom\u00bb animation_duration=\u00bb850ms\u00bb animation_delay=\u00bb400ms\u00bb animation_intensity_slide=\u00bb30%\u00bb animation_speed_curve=\u00bbease\u00bb hover_enabled=\u00bb0&#8243; first_heading_font_size_tablet=\u00bb55px\u00bb first_heading_font_size_phone=\u00bb30px\u00bb first_heading_font_size_last_edited=\u00bbon|phone\u00bb background_text_font_size_tablet=\u00bb\u00bb background_text_font_size_phone=\u00bb26px\u00bb background_text_font_size_last_edited=\u00bbon|phone\u00bb background_text_line_height_tablet=\u00bb\u00bb background_text_line_height_phone=\u00bb0.9em\u00bb background_text_line_height_last_edited=\u00bbon|phone\u00bb locked=\u00bboff\u00bb global_colors_info=\u00bb{}\u00bb sticky_enabled=\u00bb0&#8243;][\/dipi_dual_heading][\/et_pb_column][\/et_pb_row][\/et_pb_section][et_pb_section fb_built=\u00bb1&#8243; custom_padding_last_edited=\u00bbon|phone\u00bb _builder_version=\u00bb4.27.4&#8243; _module_preset=\u00bbdefault\u00bb custom_margin=\u00bb-0.5%||||false|false\u00bb custom_padding=\u00bb3.3%||3.3%||true|false\u00bb custom_padding_tablet=\u00bb3.3%||3.3%||true|false\u00bb custom_padding_phone=\u00bb15%||8%||false|false\u00bb border_radii=\u00bboff||||\u00bb global_colors_info=\u00bb{}\u00bb][et_pb_row column_structure=\u00bb1_2,1_2&#8243; make_equal=\u00bbon\u00bb _builder_version=\u00bb4.27.4&#8243; background_size=\u00bbinitial\u00bb background_position=\u00bbtop_left\u00bb background_repeat=\u00bbrepeat\u00bb custom_padding=\u00bb||1%||false|false\u00bb global_colors_info=\u00bb{}\u00bb][et_pb_column type=\u00bb1_2&#8243; _builder_version=\u00bb4.27.4&#8243; custom_padding=\u00bb|||\u00bb custom_css_main_element=\u00bbmargin: auto;\u00bb global_colors_info=\u00bb{}\u00bb custom_padding__hover=\u00bb|||\u00bb][dipi_dual_heading first_heading=\u00bbContacto\u00bb use_background_text=\u00bbon\u00bb background_text=\u00bbPonte en contacto\u00bb fh_padding=\u00bb0px||0px||false|false\u00bb fh_margin=\u00bb0px|0px|0px|-67%|false|false\u00bb bt_position_vertical=\u00bb-32%\u00bb bt_style=\u00bbstroke\u00bb bt_stroke_color=\u00bb#ffd323&#8243; bt_stroke_fill=\u00bbRGBA(255,255,255,0)\u00bb fh_margin_tablet=\u00bb0px|0px|0px|-59%|false|false\u00bb fh_margin_phone=\u00bb0px|0px|0px|-53%|false|false\u00bb fh_margin_last_edited=\u00bbon|phone\u00bb bt_position_vertical_tablet=\u00bb6%\u00bb bt_position_vertical_phone=\u00bb-46%\u00bb bt_position_vertical_last_edited=\u00bbon|phone\u00bb _builder_version=\u00bb4.27.4&#8243; _module_preset=\u00bbdefault\u00bb first_heading_font=\u00bbPoppins|700|||||||\u00bb first_heading_text_align=\u00bbleft\u00bb first_heading_text_color=\u00bb#333333&#8243; first_heading_font_size=\u00bb43px\u00bb first_heading_letter_spacing=\u00bb0.5px\u00bb first_heading_line_height=\u00bb1em\u00bb background_text_font=\u00bbPoppins|700|||||||\u00bb background_text_text_align=\u00bbleft\u00bb background_text_text_color=\u00bb#ffd323&#8243; background_text_font_size=\u00bb50px\u00bb custom_margin=\u00bb||-2%||false|false\u00bb custom_margin_tablet=\u00bb||-2%||false|false\u00bb custom_margin_phone=\u00bb||1%||false|false\u00bb custom_margin_last_edited=\u00bbon|phone\u00bb custom_padding=\u00bb||||false|false\u00bb animation_style=\u00bbslide\u00bb animation_direction=\u00bbtop\u00bb animation_duration=\u00bb850ms\u00bb animation_delay=\u00bb700ms\u00bb animation_intensity_slide=\u00bb30%\u00bb animation_speed_curve=\u00bbease\u00bb hover_enabled=\u00bb0&#8243; first_heading_font_size_tablet=\u00bb43px\u00bb first_heading_font_size_phone=\u00bb30px\u00bb first_heading_font_size_last_edited=\u00bbon|phone\u00bb background_text_font_size_tablet=\u00bb50px\u00bb background_text_font_size_phone=\u00bb28px\u00bb background_text_font_size_last_edited=\u00bbon|phone\u00bb background_text_line_height_tablet=\u00bb\u00bb background_text_line_height_phone=\u00bb0.9em\u00bb background_text_line_height_last_edited=\u00bbon|phone\u00bb locked=\u00bboff\u00bb global_colors_info=\u00bb{}\u00bb sticky_enabled=\u00bb0&#8243;][\/dipi_dual_heading][et_pb_divider color=\u00bb#ffd323&#8243; divider_style=\u00bbdashed\u00bb divider_weight=\u00bb4px\u00bb _builder_version=\u00bb4.27.4&#8243; _module_preset=\u00bbdefault\u00bb width=\u00bb16%\u00bb custom_margin=\u00bb6%||0%||false|false\u00bb animation_style=\u00bbslide\u00bb animation_direction=\u00bbtop\u00bb animation_duration=\u00bb850ms\u00bb animation_delay=\u00bb700ms\u00bb animation_intensity_slide=\u00bb30%\u00bb animation_speed_curve=\u00bbease\u00bb global_colors_info=\u00bb{}\u00bb][\/et_pb_divider][et_pb_text _builder_version=\u00bb4.27.4&#8243; _module_preset=\u00bbdefault\u00bb text_font=\u00bbPoppins||||||||\u00bb text_text_color=\u00bb#333333&#8243; text_font_size=\u00bb17.5px\u00bb text_letter_spacing=\u00bb0.6px\u00bb text_line_height=\u00bb1.6em\u00bb custom_margin=\u00bb||4%||false|false\u00bb custom_margin_tablet=\u00bb||4%||false|false\u00bb custom_margin_phone=\u00bb||6%||false|false\u00bb custom_margin_last_edited=\u00bbon|phone\u00bb animation_style=\u00bbslide\u00bb animation_direction=\u00bbtop\u00bb animation_duration=\u00bb850ms\u00bb animation_delay=\u00bb1000ms\u00bb animation_intensity_slide=\u00bb30%\u00bb animation_speed_curve=\u00bbease\u00bb text_font_size_tablet=\u00bb17.5px\u00bb text_font_size_phone=\u00bb13px\u00bb text_font_size_last_edited=\u00bbon|phone\u00bb global_colors_info=\u00bb{}\u00bb]<\/p>\n<p>Cont\u00e1ctanos a trav\u00e9s de cualquiera de nuestros medios y recibe asesor\u00eda personalizada. Ya sea por correo, tel\u00e9fono o formulario, nuestro equipo est\u00e1 listo para atenderte y brindarte la mejor soluci\u00f3n.<\/p>\n<p>[\/et_pb_text][dsm_icon_list text_indent=\u00bb9px\u00bb _builder_version=\u00bb4.27.4&#8243; _module_preset=\u00bbdefault\u00bb custom_margin=\u00bb||||false|false\u00bb animation_style=\u00bbslide\u00bb animation_direction=\u00bbtop\u00bb animation_duration=\u00bb850ms\u00bb animation_delay=\u00bb1300ms\u00bb animation_intensity_slide=\u00bb30%\u00bb animation_speed_curve=\u00bbease\u00bb text_font_size_tablet=\u00bb\u00bb text_font_size_phone=\u00bb14px\u00bb text_font_size_last_edited=\u00bbon|phone\u00bb global_colors_info=\u00bb{}\u00bb][dsm_icon_list_child text=\u00bbCorreo electr\u00f3nico\u00bb font_icon=\u00bb&#xf1fa;||fa||900&#8243; icon_color=\u00bb#ffd323&#8243; icon_font_size=\u00bb17px\u00bb _builder_version=\u00bb4.27.4&#8243; _module_preset=\u00bbdefault\u00bb text_font=\u00bbPoppins|600|||||||\u00bb text_text_color=\u00bb#333333&#8243; text_font_size=\u00bb16.5px\u00bb text_letter_spacing=\u00bb0.5px\u00bb text_font_size_tablet=\u00bb16.5px\u00bb text_font_size_phone=\u00bb15px\u00bb text_font_size_last_edited=\u00bbon|phone\u00bb global_colors_info=\u00bb{}\u00bb][\/dsm_icon_list_child][dsm_icon_list_child text=\u00bbventas@mpponiente.com\u00bb font_icon=\u00bb&#xf1fa;||fa||900&#8243; icon_color=\u00bb#FFFFFF\u00bb icon_font_size=\u00bb17px\u00bb url=\u00bbmailto:ventas@mpponiente.com\u00bb _builder_version=\u00bb4.27.4&#8243; _module_preset=\u00bbdefault\u00bb text_font=\u00bbPoppins||||||||\u00bb text_text_color=\u00bb#333333&#8243; text_font_size=\u00bb16.5px\u00bb text_letter_spacing=\u00bb0.5px\u00bb text_font_size_tablet=\u00bb16.5px\u00bb text_font_size_phone=\u00bb14px\u00bb text_font_size_last_edited=\u00bbon|phone\u00bb global_colors_info=\u00bb{}\u00bb][\/dsm_icon_list_child][\/dsm_icon_list][dsm_icon_list text_indent=\u00bb9px\u00bb _builder_version=\u00bb4.27.4&#8243; _module_preset=\u00bbdefault\u00bb custom_margin=\u00bb-4%||||false|false\u00bb animation_style=\u00bbslide\u00bb animation_direction=\u00bbtop\u00bb animation_duration=\u00bb850ms\u00bb animation_delay=\u00bb1600ms\u00bb animation_intensity_slide=\u00bb30%\u00bb animation_speed_curve=\u00bbease\u00bb global_colors_info=\u00bb{}\u00bb][dsm_icon_list_child text=\u00bbTel\u00e9fono(s)\u00bb font_icon=\u00bb&#xf3cd;||fa||900&#8243; icon_color=\u00bb#ffd323&#8243; icon_font_size=\u00bb17px\u00bb _builder_version=\u00bb4.27.4&#8243; _module_preset=\u00bbdefault\u00bb text_font=\u00bbPoppins|600|||||||\u00bb text_text_color=\u00bb#333333&#8243; text_font_size=\u00bb16.5px\u00bb text_letter_spacing=\u00bb0.5px\u00bb text_font_size_tablet=\u00bb16.5px\u00bb text_font_size_phone=\u00bb15px\u00bb text_font_size_last_edited=\u00bbon|phone\u00bb global_colors_info=\u00bb{}\u00bb][\/dsm_icon_list_child][dsm_icon_list_child text=\u00bb(81) 8684 &#8211; 5765&#8243; font_icon=\u00bb&#xf3cd;||fa||900&#8243; icon_color=\u00bb#FFFFFF\u00bb icon_font_size=\u00bb17px\u00bb url=\u00bbtel:8186845765&#8243; _builder_version=\u00bb4.27.4&#8243; _module_preset=\u00bbdefault\u00bb text_font=\u00bbPoppins||||||||\u00bb text_text_color=\u00bb#333333&#8243; text_font_size=\u00bb16.5px\u00bb text_letter_spacing=\u00bb0.5px\u00bb text_font_size_tablet=\u00bb16.5px\u00bb text_font_size_phone=\u00bb14px\u00bb text_font_size_last_edited=\u00bbon|phone\u00bb global_colors_info=\u00bb{}\u00bb][\/dsm_icon_list_child][dsm_icon_list_child text=\u00bb(81) 8684 &#8211; 5765&#8243; font_icon=\u00bb&#xf3cd;||fa||900&#8243; icon_color=\u00bb#FFFFFF\u00bb icon_font_size=\u00bb17px\u00bb url=\u00bbtel:#\u00bb _builder_version=\u00bb4.27.4&#8243; _module_preset=\u00bbdefault\u00bb text_font=\u00bbPoppins||||||||\u00bb text_text_color=\u00bb#333333&#8243; text_font_size=\u00bb16.5px\u00bb text_letter_spacing=\u00bb0.5px\u00bb text_font_size_tablet=\u00bb16.5px\u00bb text_font_size_phone=\u00bb14px\u00bb text_font_size_last_edited=\u00bbon|phone\u00bb global_colors_info=\u00bb{}\u00bb][\/dsm_icon_list_child][\/dsm_icon_list][dsm_icon_list text_indent=\u00bb9px\u00bb _builder_version=\u00bb4.27.4&#8243; _module_preset=\u00bbdefault\u00bb custom_margin=\u00bb-4%||||false|false\u00bb custom_margin_phone=\u00bb-4%||||false|false\u00bb custom_margin_last_edited=\u00bboff|phone\u00bb animation_style=\u00bbslide\u00bb animation_direction=\u00bbtop\u00bb animation_duration=\u00bb850ms\u00bb animation_delay=\u00bb1900ms\u00bb animation_intensity_slide=\u00bb30%\u00bb animation_speed_curve=\u00bbease\u00bb global_colors_info=\u00bb{}\u00bb][dsm_icon_list_child text=\u00bbUbicaci\u00f3n\u00bb font_icon=\u00bb&#xf276;||fa||900&#8243; icon_color=\u00bb#ffd323&#8243; icon_font_size=\u00bb17px\u00bb _builder_version=\u00bb4.27.4&#8243; _module_preset=\u00bbdefault\u00bb text_font=\u00bbPoppins|600|||||||\u00bb text_text_color=\u00bb#333333&#8243; text_font_size=\u00bb16.5px\u00bb text_letter_spacing=\u00bb0.5px\u00bb text_font_size_tablet=\u00bb16.5px\u00bb text_font_size_phone=\u00bb15px\u00bb text_font_size_last_edited=\u00bbon|phone\u00bb global_colors_info=\u00bb{}\u00bb][\/dsm_icon_list_child][dsm_icon_list_child text=\u00bbMagallanes 750A, Trevi\u00f1o, 64570 Monterrey, N.L.\u00bb font_icon=\u00bb&#xf276;||fa||900&#8243; icon_color=\u00bb#FFFFFF\u00bb icon_font_size=\u00bb17px\u00bb url=\u00bbtel:8186845765&#8243; _builder_version=\u00bb4.27.4&#8243; _module_preset=\u00bbdefault\u00bb text_font=\u00bbPoppins||||||||\u00bb text_text_color=\u00bb#333333&#8243; text_font_size=\u00bb16.5px\u00bb text_letter_spacing=\u00bb0.5px\u00bb text_line_height=\u00bb1.6em\u00bb text_font_size_tablet=\u00bb16.5px\u00bb text_font_size_phone=\u00bb14px\u00bb text_font_size_last_edited=\u00bbon|phone\u00bb global_colors_info=\u00bb{}\u00bb][\/dsm_icon_list_child][\/dsm_icon_list][\/et_pb_column][et_pb_column type=\u00bb1_2&#8243; _builder_version=\u00bb4.27.4&#8243; custom_padding=\u00bb|||\u00bb custom_css_main_element=\u00bbmargin: auto;\u00bb global_colors_info=\u00bb{}\u00bb custom_padding__hover=\u00bb|||\u00bb][et_pb_contact_form captcha=\u00bboff\u00bb email=\u00bbventas@mpponiente.com\u00bb custom_message=\u00bb\u00a1Hola!||et_pb_line_break_holder||||et_pb_line_break_holder||\u00c9ste mensaje ha sido enviado desde el sitio web MP Poniente.||et_pb_line_break_holder||||et_pb_line_break_holder||||et_pb_line_break_holder||Nombre: %%txtNombre%%||et_pb_line_break_holder||||et_pb_line_break_holder||Tel\u00e9fono: %%txtTel%%||et_pb_line_break_holder||||et_pb_line_break_holder||Correo electr\u00f3nico: %%txtCorreo%%||et_pb_line_break_holder||||et_pb_line_break_holder||Mensaje: ||et_pb_line_break_holder||||et_pb_line_break_holder||%%txtMensaje%%||et_pb_line_break_holder||||et_pb_line_break_holder||||et_pb_line_break_holder||Gracias.\u00bb success_message=\u00bb\u00a1Gracias por contactarnos! Hemos recibido tu mensaje y pronto nos pondremos en contacto contigo. Nos aseguraremos de responderte lo m\u00e1s r\u00e1pido posible.\u00bb submit_button_text=\u00bbEnviar\u00bb _builder_version=\u00bb4.27.4&#8243; _module_preset=\u00bbdefault\u00bb _unique_id=\u00bbe099d8b5-dae3-49f0-86b3-9c671c1ce4c4&#8243; form_field_background_color=\u00bb#F4F4F4&#8243; form_field_font=\u00bbPoppins||||||||\u00bb form_field_font_size=\u00bb15px\u00bb form_field_letter_spacing=\u00bb0.5px\u00bb custom_button=\u00bbon\u00bb button_text_size=\u00bb16px\u00bb button_text_color=\u00bb#333333&#8243; button_bg_color=\u00bb#ffd323&#8243; button_border_width=\u00bb2px\u00bb button_border_color=\u00bbRGBA(255,255,255,0)\u00bb button_border_radius=\u00bb3px\u00bb button_letter_spacing=\u00bb0.5px\u00bb button_font=\u00bbPoppins|600|||||||\u00bb button_icon=\u00bb&#xf1d8;||fa||900&#8243; button_on_hover=\u00bboff\u00bb button_custom_margin=\u00bb|||-921%|false|false\u00bb button_custom_margin_tablet=\u00bb|||-921%|false|false\u00bb button_custom_margin_phone=\u00bb|||-77%|false|false\u00bb button_custom_margin_last_edited=\u00bbon|phone\u00bb button_custom_padding=\u00bb9%|461%|9%|461%|true|true\u00bb button_custom_padding_tablet=\u00bb9%|461%|9%|461%|true|true\u00bb button_custom_padding_phone=\u00bb9%|53%|9%|25%|true|false\u00bb button_custom_padding_last_edited=\u00bbon|phone\u00bb custom_margin_tablet=\u00bb\u00bb custom_margin_phone=\u00bb8%||||false|false\u00bb custom_margin_last_edited=\u00bbon|phone\u00bb animation_style=\u00bbslide\u00bb animation_direction=\u00bbtop\u00bb animation_duration=\u00bb850ms\u00bb animation_delay=\u00bb700ms\u00bb animation_intensity_slide=\u00bb30%\u00bb animation_speed_curve=\u00bbease\u00bb form_field_font_size_tablet=\u00bb15px\u00bb form_field_font_size_phone=\u00bb13px\u00bb form_field_font_size_last_edited=\u00bbon|phone\u00bb button_text_size_tablet=\u00bb16px\u00bb button_text_size_phone=\u00bb15px\u00bb button_text_size_last_edited=\u00bbon|phone\u00bb border_radii=\u00bbon|3px|3px|3px|3px\u00bb global_colors_info=\u00bb{}\u00bb][et_pb_contact_field field_id=\u00bbtxtNombre\u00bb field_title=\u00bbNombre\u00bb _builder_version=\u00bb4.27.4&#8243; global_colors_info=\u00bb{}\u00bb button_text_size__hover_enabled=\u00bboff\u00bb button_one_text_size__hover_enabled=\u00bboff\u00bb button_two_text_size__hover_enabled=\u00bboff\u00bb button_text_color__hover_enabled=\u00bboff\u00bb button_one_text_color__hover_enabled=\u00bboff\u00bb button_two_text_color__hover_enabled=\u00bboff\u00bb button_border_width__hover_enabled=\u00bboff\u00bb button_one_border_width__hover_enabled=\u00bboff\u00bb button_two_border_width__hover_enabled=\u00bboff\u00bb button_border_color__hover_enabled=\u00bboff\u00bb button_one_border_color__hover_enabled=\u00bboff\u00bb button_two_border_color__hover_enabled=\u00bboff\u00bb button_border_radius__hover_enabled=\u00bboff\u00bb button_one_border_radius__hover_enabled=\u00bboff\u00bb button_two_border_radius__hover_enabled=\u00bboff\u00bb button_letter_spacing__hover_enabled=\u00bboff\u00bb button_one_letter_spacing__hover_enabled=\u00bboff\u00bb button_two_letter_spacing__hover_enabled=\u00bboff\u00bb button_bg_color__hover_enabled=\u00bboff\u00bb button_one_bg_color__hover_enabled=\u00bboff\u00bb button_two_bg_color__hover_enabled=\u00bboff\u00bb][\/et_pb_contact_field][et_pb_contact_field field_id=\u00bbtxtTel\u00bb field_title=\u00bbTel\u00e9fono\u00bb _builder_version=\u00bb4.27.4&#8243; _module_preset=\u00bbdefault\u00bb global_colors_info=\u00bb{}\u00bb][\/et_pb_contact_field][et_pb_contact_field field_id=\u00bbtxtCorreo\u00bb field_title=\u00bbCorreo electr\u00f3nico\u00bb field_type=\u00bbemail\u00bb fullwidth_field=\u00bbon\u00bb _builder_version=\u00bb4.27.4&#8243; global_colors_info=\u00bb{}\u00bb button_text_size__hover_enabled=\u00bboff\u00bb button_one_text_size__hover_enabled=\u00bboff\u00bb button_two_text_size__hover_enabled=\u00bboff\u00bb button_text_color__hover_enabled=\u00bboff\u00bb button_one_text_color__hover_enabled=\u00bboff\u00bb button_two_text_color__hover_enabled=\u00bboff\u00bb button_border_width__hover_enabled=\u00bboff\u00bb button_one_border_width__hover_enabled=\u00bboff\u00bb button_two_border_width__hover_enabled=\u00bboff\u00bb button_border_color__hover_enabled=\u00bboff\u00bb button_one_border_color__hover_enabled=\u00bboff\u00bb button_two_border_color__hover_enabled=\u00bboff\u00bb button_border_radius__hover_enabled=\u00bboff\u00bb button_one_border_radius__hover_enabled=\u00bboff\u00bb button_two_border_radius__hover_enabled=\u00bboff\u00bb button_letter_spacing__hover_enabled=\u00bboff\u00bb button_one_letter_spacing__hover_enabled=\u00bboff\u00bb button_two_letter_spacing__hover_enabled=\u00bboff\u00bb button_bg_color__hover_enabled=\u00bboff\u00bb button_one_bg_color__hover_enabled=\u00bboff\u00bb button_two_bg_color__hover_enabled=\u00bboff\u00bb][\/et_pb_contact_field][et_pb_contact_field field_id=\u00bbtxtMensaje\u00bb field_title=\u00bbMensaje\u00bb field_type=\u00bbtext\u00bb fullwidth_field=\u00bbon\u00bb _builder_version=\u00bb4.27.4&#8243; global_colors_info=\u00bb{}\u00bb button_text_size__hover_enabled=\u00bboff\u00bb button_one_text_size__hover_enabled=\u00bboff\u00bb button_two_text_size__hover_enabled=\u00bboff\u00bb button_text_color__hover_enabled=\u00bboff\u00bb button_one_text_color__hover_enabled=\u00bboff\u00bb button_two_text_color__hover_enabled=\u00bboff\u00bb button_border_width__hover_enabled=\u00bboff\u00bb button_one_border_width__hover_enabled=\u00bboff\u00bb button_two_border_width__hover_enabled=\u00bboff\u00bb button_border_color__hover_enabled=\u00bboff\u00bb button_one_border_color__hover_enabled=\u00bboff\u00bb button_two_border_color__hover_enabled=\u00bboff\u00bb button_border_radius__hover_enabled=\u00bboff\u00bb button_one_border_radius__hover_enabled=\u00bboff\u00bb button_two_border_radius__hover_enabled=\u00bboff\u00bb button_letter_spacing__hover_enabled=\u00bboff\u00bb button_one_letter_spacing__hover_enabled=\u00bboff\u00bb button_two_letter_spacing__hover_enabled=\u00bboff\u00bb button_bg_color__hover_enabled=\u00bboff\u00bb button_one_bg_color__hover_enabled=\u00bboff\u00bb button_two_bg_color__hover_enabled=\u00bboff\u00bb][\/et_pb_contact_field][\/et_pb_contact_form][\/et_pb_column][\/et_pb_row][\/et_pb_section][et_pb_section fb_built=\u00bb1&#8243; fullwidth=\u00bbon\u00bb _builder_version=\u00bb4.27.4&#8243; _module_preset=\u00bbdefault\u00bb animation_style=\u00bbfade\u00bb animation_direction=\u00bbtop\u00bb animation_duration=\u00bb850ms\u00bb animation_speed_curve=\u00bbease\u00bb global_colors_info=\u00bb{}\u00bb][et_pb_fullwidth_code _builder_version=\u00bb4.27.4&#8243; _module_preset=\u00bbdefault\u00bb global_colors_info=\u00bb{}\u00bb]<iframe src=\"https:\/\/www.google.com\/maps\/embed?pb=!1m18!1m12!1m3!1d3595.504880099394!2d-100.30852208844298!3d25.687702677304152!2m3!1f0!2f0!3f0!3m2!1i1024!2i768!4f13.1!3m3!1m2!1s0x8662959d4c69a1ed%3A0x8f127d062c688c43!2sMagallanes%20750A%2C%20Trevi%C3%B1o%2C%2064570%20Monterrey%2C%20N.L.!5e0!3m2!1ses-419!2smx!4v1743627436737!5m2!1ses-419!2smx\" width=\"100%\" height=\"350\" style=\"border:0;\" allowfullscreen=\"\" loading=\"lazy\" referrerpolicy=\"no-referrer-when-downgrade\"><\/iframe>[\/et_pb_fullwidth_code][\/et_pb_section]<\/p>\n","protected":false},"excerpt":{"rendered":"<p><div class=\"et_pb_module dipi_dual_heading dipi_dual_heading_0 et_animated\">\n\t\t\t\t\n\t\t\t\t\n\t\t\t\t\n\t\t\t\t\n\t\t\t\t\n\t\t\t\t\n\t\t\t\t<div class=\"et_pb_module_inner\">\n\t\t\t\t\t\n                <div class=\"dipi-dual-heading \">\n                    <h2 class=\"dipi-dh-main\">\n                        <span class=\"dipi-dh-first-heading\">\n                            <span class=\"dipi-dh-animation-container\">\n                                <span class=\"dipi-dh-bg-container\">\n                                    Contacto\n                                <\/span>\n                            <\/span>\n                        <\/span>\n                        <span class=\"dipi-dh-second-heading\">\n                            <span class=\"dipi-dh-animation-container\">\n                                <span class=\"dipi-dh-bg-container\">\n                                    \n                                <\/span>\n                            <\/span>\n                        <\/span>\n                    <\/h2>\n                <\/div>\n\t\t\t\t<\/div>\n\t\t\t<\/div><div class=\"et_pb_module dipi_dual_heading dipi_dual_heading_1\">\n\t\t\t\t\n\t\t\t\t\n\t\t\t\t\n\t\t\t\t\n\t\t\t\t\n\t\t\t\t\n\t\t\t\t<div class=\"et_pb_module_inner\">\n\t\t\t\t\t\n                <div class=\"dipi-dual-heading \">\n                    <h2 class=\"dipi-dh-main\">\n                        <span class=\"dipi-dh-first-heading\">\n                            <span class=\"dipi-dh-animation-container\">\n                                <span class=\"dipi-dh-bg-container\">\n                                    \u00bbContacto\u00bb\n                                <\/span>\n                            <\/span>\n                        <\/span>\n                        <span class=\"dipi-dh-second-heading\">\n                            <span class=\"dipi-dh-animation-container\">\n                                <span class=\"dipi-dh-bg-container\">\n                                    \n                                <\/span>\n                            <\/span>\n                        <\/span>\n                    <\/h2>\n                <\/div>\n\t\t\t\t<\/div>\n\t\t\t<\/div><\/p>\n","protected":false},"author":1,"featured_media":0,"parent":0,"menu_order":0,"comment_status":"closed","ping_status":"closed","template":"","meta":{"_et_pb_use_builder":"on","_et_pb_old_content":"","_et_gb_content_width":"","_joinchat":[],"footnotes":""},"dipi_cpt_category":[],"class_list":["post-37241","page","type-page","status-publish","hentry"],"_links":{"self":[{"href":"https:\/\/mpponiente.com\/index.php\/wp-json\/wp\/v2\/pages\/37241","targetHints":{"allow":["GET"]}}],"collection":[{"href":"https:\/\/mpponiente.com\/index.php\/wp-json\/wp\/v2\/pages"}],"about":[{"href":"https:\/\/mpponiente.com\/index.php\/wp-json\/wp\/v2\/types\/page"}],"author":[{"embeddable":true,"href":"https:\/\/mpponiente.com\/index.php\/wp-json\/wp\/v2\/users\/1"}],"replies":[{"embeddable":true,"href":"https:\/\/mpponiente.com\/index.php\/wp-json\/wp\/v2\/comments?post=37241"}],"version-history":[{"count":12,"href":"https:\/\/mpponiente.com\/index.php\/wp-json\/wp\/v2\/pages\/37241\/revisions"}],"predecessor-version":[{"id":37620,"href":"https:\/\/mpponiente.com\/index.php\/wp-json\/wp\/v2\/pages\/37241\/revisions\/37620"}],"wp:attachment":[{"href":"https:\/\/mpponiente.com\/index.php\/wp-json\/wp\/v2\/media?parent=37241"}],"wp:term":[{"taxonomy":"dipi_cpt_category","embeddable":true,"href":"https:\/\/mpponiente.com\/index.php\/wp-json\/wp\/v2\/dipi_cpt_category?post=37241"}],"curies":[{"name":"wp","href":"https:\/\/api.w.org\/{rel}","templated":true}]}}